{"id":1033,"date":"2023-12-01T00:11:34","date_gmt":"2023-12-01T00:11:34","guid":{"rendered":"https:\/\/myboundlessjourney.eu\/?page_id=1033"},"modified":"2026-04-14T16:09:39","modified_gmt":"2026-04-14T16:09:39","slug":"handbok","status":"publish","type":"page","link":"https:\/\/myboundlessjourney.eu\/index.php\/1142-2\/handbok\/","title":{"rendered":"H\u00c5NDBOK"},"content":{"rendered":"\t\t<div data-elementor-type=\"wp-page\" data-elementor-id=\"1033\" class=\"elementor elementor-1033\">\n\t\t\t\t\t\t\t\t\t<section class=\"elementor-section elementor-top-section elementor-element elementor-element-1ee69a3 elementor-section-boxed elementor-section-height-default elementor-section-height-default\" data-id=\"1ee69a3\" data-element_type=\"section\">\n\t\t\t\t\t\t<div class=\"elementor-container elementor-column-gap-default\">\n\t\t\t\t\t<div class=\"elementor-column elementor-col-100 elementor-top-column elementor-element elementor-element-a1b7531\" data-id=\"a1b7531\" data-element_type=\"column\">\n\t\t\t<div class=\"elementor-widget-wrap elementor-element-populated\">\n\t\t\t\t\t\t\t\t<div class=\"elementor-element elementor-element-af4f2d7 elementor-widget elementor-widget-text-editor\" data-id=\"af4f2d7\" data-element_type=\"widget\" data-widget_type=\"text-editor.default\">\n\t\t\t\t<div class=\"elementor-widget-container\">\n\t\t\t<style>\/*! elementor - v3.18.0 - 06-12-2023 *\/\n.elementor-widget-text-editor.elementor-drop-cap-view-stacked .elementor-drop-cap{background-color:#69727d;color:#fff}.elementor-widget-text-editor.elementor-drop-cap-view-framed .elementor-drop-cap{color:#69727d;border:3px solid;background-color:transparent}.elementor-widget-text-editor:not(.elementor-drop-cap-view-default) .elementor-drop-cap{margin-top:8px}.elementor-widget-text-editor:not(.elementor-drop-cap-view-default) .elementor-drop-cap-letter{width:1em;height:1em}.elementor-widget-text-editor .elementor-drop-cap{float:left;text-align:center;line-height:1;font-size:50px}.elementor-widget-text-editor .elementor-drop-cap-letter{display:inline-block}<\/style>\t\t\t\t\t\t\t\t\t\t<\/div>\n\t\t\t\t<\/div>\n\t\t\t\t\t<\/div>\n\t\t<\/div>\n\t\t\t\t\t\t\t<\/div>\n\t\t<\/section>\n\t\t\t\t<section class=\"elementor-section elementor-top-section elementor-element elementor-element-4245613 elementor-section-boxed elementor-section-height-default elementor-section-height-default\" data-id=\"4245613\" data-element_type=\"section\">\n\t\t\t\t\t\t<div class=\"elementor-container elementor-column-gap-default\">\n\t\t\t\t\t<div class=\"elementor-column elementor-col-100 elementor-top-column elementor-element elementor-element-3c8eb77\" data-id=\"3c8eb77\" data-element_type=\"column\">\n\t\t\t<div class=\"elementor-widget-wrap elementor-element-populated\">\n\t\t\t\t\t\t\t\t<div class=\"elementor-element elementor-element-609ce83 elementor-widget elementor-widget-text-editor\" data-id=\"609ce83\" data-element_type=\"widget\" data-widget_type=\"text-editor.default\">\n\t\t\t\t<div class=\"elementor-widget-container\">\n\t\t\t\t\t\t\t<p>Denne h\u00e5ndboken er strategisk utformet for \u00e5 tjene som en praktisk veiledning for organisasjoner som arbeider med unge mennesker med nedsatt funksjonsevne, organisasjoner som deltar i internasjonale mobilitetsprosjekter, unge mennesker med nedsatt funksjonsevne selv og ogs\u00e5 deres medf\u00f8lgende personer i disse aktivitetene. Denne ressursen er segmentert for \u00e5 m\u00f8te de spesifikke behovene til disse m\u00e5lgruppene nevnt ovenfor.<\/p><p>\u00a0<\/p><p>Delen om unge med nedsatt funksjonsevne er ogs\u00e5 tilgjengelig i et tilgjengelig format i et eget dokument for synshemmede ungdom.<\/p><p>\u00a0<\/p><p>Som et supplement til nettstedet v\u00e5rt, st\u00e5r denne h\u00e5ndboken som et tilleggsverkt\u00f8y, og tilbyr konkret veiledning for smidig inkludering av unge mennesker med nedsatt funksjonsevne i ulike mobilitetsprosjekter.<\/p><p>\u00a0<\/p><p>Organisasjoner oppfordres til \u00e5 bruke denne ressursen for \u00e5 \u00f8ke effektiviteten av sine initiativer ang\u00e5ende ungdom med funksjonshemminger, og fremme et milj\u00f8 tilpasset prinsippene om inkludering og tilgjengelighet.<\/p>\t\t\t\t\t\t<\/div>\n\t\t\t\t<\/div>\n\t\t\t\t<div class=\"elementor-element elementor-element-799f446 elementor-widget elementor-widget-spacer\" data-id=\"799f446\" data-element_type=\"widget\" data-widget_type=\"spacer.default\">\n\t\t\t\t<div class=\"elementor-widget-container\">\n\t\t\t<style>\/*! elementor - v3.18.0 - 06-12-2023 *\/\n.elementor-column .elementor-spacer-inner{height:var(--spacer-size)}.e-con{--container-widget-width:100%}.e-con-inner>.elementor-widget-spacer,.e-con>.elementor-widget-spacer{width:var(--container-widget-width,var(--spacer-size));--align-self:var(--container-widget-align-self,initial);--flex-shrink:0}.e-con-inner>.elementor-widget-spacer>.elementor-widget-container,.e-con>.elementor-widget-spacer>.elementor-widget-container{height:100%;width:100%}.e-con-inner>.elementor-widget-spacer>.elementor-widget-container>.elementor-spacer,.e-con>.elementor-widget-spacer>.elementor-widget-container>.elementor-spacer{height:100%}.e-con-inner>.elementor-widget-spacer>.elementor-widget-container>.elementor-spacer>.elementor-spacer-inner,.e-con>.elementor-widget-spacer>.elementor-widget-container>.elementor-spacer>.elementor-spacer-inner{height:var(--container-widget-height,var(--spacer-size))}.e-con-inner>.elementor-widget-spacer.elementor-widget-empty,.e-con>.elementor-widget-spacer.elementor-widget-empty{position:relative;min-height:22px;min-width:22px}.e-con-inner>.elementor-widget-spacer.elementor-widget-empty .elementor-widget-empty-icon,.e-con>.elementor-widget-spacer.elementor-widget-empty .elementor-widget-empty-icon{position:absolute;top:0;bottom:0;left:0;right:0;margin:auto;padding:0;width:22px;height:22px}<\/style>\t\t<div class=\"elementor-spacer\">\n\t\t\t<div class=\"elementor-spacer-inner\"><\/div>\n\t\t<\/div>\n\t\t\t\t<\/div>\n\t\t\t\t<\/div>\n\t\t\t\t\t<\/div>\n\t\t<\/div>\n\t\t\t\t\t\t\t<\/div>\n\t\t<\/section>\n\t\t\t\t<section class=\"elementor-section elementor-top-section elementor-element elementor-element-3db91c91 elementor-section-boxed elementor-section-height-default elementor-section-height-default\" data-id=\"3db91c91\" data-element_type=\"section\">\n\t\t\t\t\t\t<div class=\"elementor-container elementor-column-gap-default\">\n\t\t\t\t\t<div class=\"elementor-column elementor-col-100 elementor-top-column elementor-element elementor-element-4f9dab1d\" data-id=\"4f9dab1d\" data-element_type=\"column\">\n\t\t\t<div class=\"elementor-widget-wrap elementor-element-populated\">\n\t\t\t\t\t\t\t\t<div class=\"elementor-element elementor-element-83a312b elementor-widget elementor-widget-text-editor\" data-id=\"83a312b\" data-element_type=\"widget\" data-widget_type=\"text-editor.default\">\n\t\t\t\t<div class=\"elementor-widget-container\">\n\t\t\t\t\t\t\t<h1><a href=\"https:\/\/myboundlessjourney.eu\/wp-content\/uploads\/2023\/12\/DNU-HANDBOOK-NO-final.pdf\" target=\"_blank\" rel=\"noopener\">H\u00c5NDBOK<\/a><\/h1>\t\t\t\t\t\t<\/div>\n\t\t\t\t<\/div>\n\t\t\t\t\t<\/div>\n\t\t<\/div>\n\t\t\t\t\t\t\t<\/div>\n\t\t<\/section>\n\t\t\t\t<section class=\"elementor-section elementor-top-section elementor-element elementor-element-5009965 elementor-section-boxed elementor-section-height-default elementor-section-height-default\" data-id=\"5009965\" data-element_type=\"section\">\n\t\t\t\t\t\t<div class=\"elementor-container elementor-column-gap-default\">\n\t\t\t\t\t<div class=\"elementor-column elementor-col-100 elementor-top-column elementor-element elementor-element-4fa5210\" data-id=\"4fa5210\" data-element_type=\"column\">\n\t\t\t<div class=\"elementor-widget-wrap elementor-element-populated\">\n\t\t\t\t\t\t\t\t<div class=\"elementor-element elementor-element-fa92169 elementor-widget elementor-widget-spacer\" data-id=\"fa92169\" data-element_type=\"widget\" data-widget_type=\"spacer.default\">\n\t\t\t\t<div class=\"elementor-widget-container\">\n\t\t\t\t\t<div class=\"elementor-spacer\">\n\t\t\t<div class=\"elementor-spacer-inner\"><\/div>\n\t\t<\/div>\n\t\t\t\t<\/div>\n\t\t\t\t<\/div>\n\t\t\t\t<div class=\"elementor-element elementor-element-8df7c08 elementor-widget elementor-widget-text-editor\" data-id=\"8df7c08\" data-element_type=\"widget\" data-widget_type=\"text-editor.default\">\n\t\t\t\t<div class=\"elementor-widget-container\">\n\t\t\t\t\t\t\t<p><a href=\"https:\/\/myboundlessjourney.eu\/wp-content\/uploads\/2023\/11\/Disabled_Unable_syllabus-for-young-people.docx\">Syllabus for young people<\/a><\/p><p><a href=\"https:\/\/myboundlessjourney.eu\/wp-content\/uploads\/2023\/11\/Disabled_Unable_syllabus-for-accompanying-persons.docx\">Syllabus for accompanying persons<\/a><\/p>\t\t\t\t\t\t<\/div>\n\t\t\t\t<\/div>\n\t\t\t\t\t<\/div>\n\t\t<\/div>\n\t\t\t\t\t\t\t<\/div>\n\t\t<\/section>\n\t\t\t\t\t\t\t<\/div>\n\t\t","protected":false},"excerpt":{"rendered":"<p>Denne h\u00e5ndboken er strategisk utformet for \u00e5 tjene som en praktisk veiledning for organisasjoner som arbeider med unge mennesker med nedsatt funksjonsevne, organisasjoner som deltar i internasjonale mobilitetsprosjekter, unge mennesker &#8230;<\/p>\n","protected":false},"author":1,"featured_media":0,"parent":1142,"menu_order":0,"comment_status":"closed","ping_status":"closed","template":"","meta":{"footnotes":""},"class_list":["post-1033","page","type-page","status-publish","hentry"],"jetpack_sharing_enabled":true,"_links":{"self":[{"href":"https:\/\/myboundlessjourney.eu\/index.php\/wp-json\/wp\/v2\/pages\/1033","targetHints":{"allow":["GET"]}}],"collection":[{"href":"https:\/\/myboundlessjourney.eu\/index.php\/wp-json\/wp\/v2\/pages"}],"about":[{"href":"https:\/\/myboundlessjourney.eu\/index.php\/wp-json\/wp\/v2\/types\/page"}],"author":[{"embeddable":true,"href":"https:\/\/myboundlessjourney.eu\/index.php\/wp-json\/wp\/v2\/users\/1"}],"replies":[{"embeddable":true,"href":"https:\/\/myboundlessjourney.eu\/index.php\/wp-json\/wp\/v2\/comments?post=1033"}],"version-history":[{"count":19,"href":"https:\/\/myboundlessjourney.eu\/index.php\/wp-json\/wp\/v2\/pages\/1033\/revisions"}],"predecessor-version":[{"id":1094,"href":"https:\/\/myboundlessjourney.eu\/index.php\/wp-json\/wp\/v2\/pages\/1033\/revisions\/1094"}],"up":[{"embeddable":true,"href":"https:\/\/myboundlessjourney.eu\/index.php\/wp-json\/wp\/v2\/pages\/1142"}],"wp:attachment":[{"href":"https:\/\/myboundlessjourney.eu\/index.php\/wp-json\/wp\/v2\/media?parent=1033"}],"curies":[{"name":"wp","href":"https:\/\/api.w.org\/{rel}","templated":true}]}}