{"id":2,"date":"2023-02-08T16:03:27","date_gmt":"2023-02-08T16:03:27","guid":{"rendered":"https:\/\/myboundlessjourney.eu\/?page_id=2"},"modified":"2026-04-14T16:06:49","modified_gmt":"2026-04-14T16:06:49","slug":"home","status":"publish","type":"page","link":"https:\/\/myboundlessjourney.eu\/index.php\/archive\/home\/","title":{"rendered":"Home"},"content":{"rendered":"\t\t<div data-elementor-type=\"wp-page\" data-elementor-id=\"2\" class=\"elementor elementor-2\">\n\t\t\t\t\t\t\t\t\t<section class=\"elementor-section elementor-top-section elementor-element elementor-element-33c7b3a elementor-section-boxed elementor-section-height-default elementor-section-height-default\" data-id=\"33c7b3a\" data-element_type=\"section\">\n\t\t\t\t\t\t<div class=\"elementor-container elementor-column-gap-default\">\n\t\t\t\t\t<div class=\"elementor-column elementor-col-100 elementor-top-column elementor-element elementor-element-4c93078\" data-id=\"4c93078\" data-element_type=\"column\">\n\t\t\t<div class=\"elementor-widget-wrap elementor-element-populated\">\n\t\t\t\t\t\t\t\t<div class=\"elementor-element elementor-element-b3faffa elementor-widget elementor-widget-text-editor\" data-id=\"b3faffa\" data-element_type=\"widget\" data-widget_type=\"text-editor.default\">\n\t\t\t\t<div class=\"elementor-widget-container\">\n\t\t\t<style>\/*! elementor - v3.18.0 - 06-12-2023 *\/\n.elementor-widget-text-editor.elementor-drop-cap-view-stacked .elementor-drop-cap{background-color:#69727d;color:#fff}.elementor-widget-text-editor.elementor-drop-cap-view-framed .elementor-drop-cap{color:#69727d;border:3px solid;background-color:transparent}.elementor-widget-text-editor:not(.elementor-drop-cap-view-default) .elementor-drop-cap{margin-top:8px}.elementor-widget-text-editor:not(.elementor-drop-cap-view-default) .elementor-drop-cap-letter{width:1em;height:1em}.elementor-widget-text-editor .elementor-drop-cap{float:left;text-align:center;line-height:1;font-size:50px}.elementor-widget-text-editor .elementor-drop-cap-letter{display:inline-block}<\/style>\t\t\t\t<div class=\"x1tlxs6b x1g8br2z x1gn5b1j x230xth x14ctfv x1okitfd x6ikm8r x10wlt62 x1mzt3pk x1y1aw1k xn6708d xwib8y2 x1ye3gou x1n2onr6 x13faqbe x1vjfegm\" style=\"background-color: var(--wash);\" role=\"none\">\n<div class=\"x9f619 x1n2onr6 x1ja2u2z __fb-light-mode\" style=\"--mwp-reply-background-color: var(--comment-footer-background); --mwp-message-list-profile-start-padding: 8px; --mw-blockquote-border-start-color: var(--placeholder-text);\" role=\"none\">\n<div class=\"x6prxxf x1fc57z9 x1yc453h x126k92a xzsf02u\" dir=\"auto\" style=\"text-align: justify;\" role=\"none\">With this project we wanted to collect easily understandable and practical information for disabled young people and organisations who are, or wish to work with them in international mobility programmes. We would like to highlight the very specific characteristics of Erasmus+ and European Solidarity Corps projects and applications connected to the participation of disabled young people in order to facilitate their inclusion in the programme maximising both the financial and practical support both organisations and young people can receive.<\/div>\n<\/div>\n<\/div>\t\t\t\t\t\t<\/div>\n\t\t\t\t<\/div>\n\t\t\t\t<div class=\"elementor-element elementor-element-3c4f3a5 elementor-widget elementor-widget-spacer\" data-id=\"3c4f3a5\" data-element_type=\"widget\" data-widget_type=\"spacer.default\">\n\t\t\t\t<div class=\"elementor-widget-container\">\n\t\t\t<style>\/*! elementor - v3.18.0 - 06-12-2023 *\/\n.elementor-column .elementor-spacer-inner{height:var(--spacer-size)}.e-con{--container-widget-width:100%}.e-con-inner>.elementor-widget-spacer,.e-con>.elementor-widget-spacer{width:var(--container-widget-width,var(--spacer-size));--align-self:var(--container-widget-align-self,initial);--flex-shrink:0}.e-con-inner>.elementor-widget-spacer>.elementor-widget-container,.e-con>.elementor-widget-spacer>.elementor-widget-container{height:100%;width:100%}.e-con-inner>.elementor-widget-spacer>.elementor-widget-container>.elementor-spacer,.e-con>.elementor-widget-spacer>.elementor-widget-container>.elementor-spacer{height:100%}.e-con-inner>.elementor-widget-spacer>.elementor-widget-container>.elementor-spacer>.elementor-spacer-inner,.e-con>.elementor-widget-spacer>.elementor-widget-container>.elementor-spacer>.elementor-spacer-inner{height:var(--container-widget-height,var(--spacer-size))}.e-con-inner>.elementor-widget-spacer.elementor-widget-empty,.e-con>.elementor-widget-spacer.elementor-widget-empty{position:relative;min-height:22px;min-width:22px}.e-con-inner>.elementor-widget-spacer.elementor-widget-empty .elementor-widget-empty-icon,.e-con>.elementor-widget-spacer.elementor-widget-empty .elementor-widget-empty-icon{position:absolute;top:0;bottom:0;left:0;right:0;margin:auto;padding:0;width:22px;height:22px}<\/style>\t\t<div class=\"elementor-spacer\">\n\t\t\t<div class=\"elementor-spacer-inner\"><\/div>\n\t\t<\/div>\n\t\t\t\t<\/div>\n\t\t\t\t<\/div>\n\t\t\t\t\t<\/div>\n\t\t<\/div>\n\t\t\t\t\t\t\t<\/div>\n\t\t<\/section>\n\t\t\t\t<section class=\"elementor-section elementor-top-section elementor-element elementor-element-43b1961 elementor-section-boxed elementor-section-height-default elementor-section-height-default\" data-id=\"43b1961\" data-element_type=\"section\">\n\t\t\t\t\t\t<div class=\"elementor-container elementor-column-gap-default\">\n\t\t\t\t\t<div class=\"elementor-column elementor-col-100 elementor-top-column elementor-element elementor-element-187d29c\" data-id=\"187d29c\" data-element_type=\"column\">\n\t\t\t<div class=\"elementor-widget-wrap elementor-element-populated\">\n\t\t\t\t\t\t\t\t<div class=\"elementor-element elementor-element-54567dd elementor-widget elementor-widget-spacer\" data-id=\"54567dd\" data-element_type=\"widget\" data-widget_type=\"spacer.default\">\n\t\t\t\t<div class=\"elementor-widget-container\">\n\t\t\t\t\t<div class=\"elementor-spacer\">\n\t\t\t<div class=\"elementor-spacer-inner\"><\/div>\n\t\t<\/div>\n\t\t\t\t<\/div>\n\t\t\t\t<\/div>\n\t\t\t\t\t<\/div>\n\t\t<\/div>\n\t\t\t\t\t\t\t<\/div>\n\t\t<\/section>\n\t\t\t\t<section class=\"elementor-section elementor-top-section elementor-element elementor-element-e5025b3 elementor-section-boxed elementor-section-height-default elementor-section-height-default\" data-id=\"e5025b3\" data-element_type=\"section\">\n\t\t\t\t\t\t<div class=\"elementor-container elementor-column-gap-default\">\n\t\t\t\t\t<div class=\"elementor-column elementor-col-100 elementor-top-column elementor-element elementor-element-a182187\" data-id=\"a182187\" data-element_type=\"column\">\n\t\t\t<div class=\"elementor-widget-wrap elementor-element-populated\">\n\t\t\t\t\t\t\t\t<div class=\"elementor-element elementor-element-0d1d5e0 elementor-button-info elementor-widget elementor-widget-button\" data-id=\"0d1d5e0\" data-element_type=\"widget\" data-widget_type=\"button.default\">\n\t\t\t\t<div class=\"elementor-widget-container\">\n\t\t\t\t\t<div class=\"elementor-button-wrapper\">\n\t\t\t<a class=\"elementor-button elementor-button-link elementor-size-md\" href=\"https:\/\/myboundlessjourney.eu\/index.php\/home\/for-organisations\/\">\n\t\t\t\t\t\t<span class=\"elementor-button-content-wrapper\">\n\t\t\t\t\t\t<span class=\"elementor-button-text\">For Organisations<\/span>\n\t\t<\/span>\n\t\t\t\t\t<\/a>\n\t\t<\/div>\n\t\t\t\t<\/div>\n\t\t\t\t<\/div>\n\t\t\t\t<div class=\"elementor-element elementor-element-8981236 elementor-widget elementor-widget-text-editor\" data-id=\"8981236\" data-element_type=\"widget\" data-widget_type=\"text-editor.default\">\n\t\t\t\t<div class=\"elementor-widget-container\">\n\t\t\t\t\t\t\t<p><strong>If you are an organisation working with young people with disabilities<\/strong>, you can read about<br>&#8211;&nbsp;Erasmus+ in general&nbsp;|&nbsp;<a href=\"https:\/\/erasmus-plus.ec.europa.eu\/about-erasmus\/how-to-take-part\" target=\"_blank\" rel=\"noopener\">How to Take Part<\/a>&nbsp;&amp;&nbsp;<a href=\"http:\/\/erasmusplus.org.ge\/en\/services\/erasmus-youth\" target=\"_blank\" rel=\"noopener\">Erasmus Youth<\/a><br>&#8211; the EU&#8217;s inclusion strategy&nbsp;|&nbsp;<a href=\"https:\/\/erasmus-plus.ec.europa.eu\/document\/implementation-guidelines-erasmus-and-european-solidarity-corps-inclusion-and-diversity-strategy\" target=\"_blank\" rel=\"noopener\">about the guidelines <\/a>&amp;&nbsp;<a href=\"https:\/\/ec.europa.eu\/social\/main.jsp?catId=1484&amp;langId=en\" target=\"_blank\" rel=\"noopener\">strategy<\/a><br>&#8211;&nbsp;<a href=\"https:\/\/erasmus-plus.ec.europa.eu\/opportunities\/opportunities-for-individuals\/youth-exchanges\" target=\"_blank\" rel=\"noopener\">introduction to youth exchange<\/a><br>&#8211; introduction to short-term voluntary service |&nbsp;<a href=\"https:\/\/youth.europa.eu\/solidarity\/young-people\/volunteering_en\" target=\"_blank\" rel=\"noopener\">Volunteering <\/a>&amp;&nbsp;<a href=\"https:\/\/youth.europa.eu\/solidarity\/organisations\/about_en\" target=\"_blank\" rel=\"noopener\">About <\/a>sections<br>&#8211; Discover EU |&nbsp;<a href=\"https:\/\/erasmus-plus.ec.europa.eu\/opportunities\/opportunities-for-individuals\/discovereu\" target=\"_blank\" rel=\"noopener\">Information for Young People<\/a>&nbsp;&nbsp;<\/p><p><br><\/p>\n<p><strong>If you are an organisation involved in international mobility projects<\/strong>, you can read about&nbsp;<br>&#8211; obtaining the Quality Certificate for Short-term Voluntary Projects (ESC) <br>&#8211; what kind of support and funding you are eligible for <br>&#8211; and in which part of the application form you can apply for this<\/p>\n<p>&#8211; Discover EU |&nbsp;<a style=\"background-color: #ffffff; letter-spacing: 0px;\" href=\"https:\/\/erasmus-plus.ec.europa.eu\/programme-guide\/part-b\/key-action-1\/discovereu-action\" target=\"_blank\" rel=\"noopener\">Information for Organisations Working With Disabled Youth<\/a><\/p><p><br><\/p>\n<p><a href=\"https:\/\/myboundlessjourney.eu\/index.php\/home\/for-organisations\/\">&#8230; and more!<\/a><\/p>\t\t\t\t\t\t<\/div>\n\t\t\t\t<\/div>\n\t\t\t\t<div class=\"elementor-element elementor-element-eb1ce5c elementor-widget-divider--view-line_icon elementor-view-default elementor-widget-divider--element-align-center elementor-widget elementor-widget-divider\" data-id=\"eb1ce5c\" data-element_type=\"widget\" data-widget_type=\"divider.default\">\n\t\t\t\t<div class=\"elementor-widget-container\">\n\t\t\t<style>\/*! elementor - v3.18.0 - 06-12-2023 *\/\n.elementor-widget-divider{--divider-border-style:none;--divider-border-width:1px;--divider-color:#0c0d0e;--divider-icon-size:20px;--divider-element-spacing:10px;--divider-pattern-height:24px;--divider-pattern-size:20px;--divider-pattern-url:none;--divider-pattern-repeat:repeat-x}.elementor-widget-divider .elementor-divider{display:flex}.elementor-widget-divider .elementor-divider__text{font-size:15px;line-height:1;max-width:95%}.elementor-widget-divider .elementor-divider__element{margin:0 var(--divider-element-spacing);flex-shrink:0}.elementor-widget-divider .elementor-icon{font-size:var(--divider-icon-size)}.elementor-widget-divider .elementor-divider-separator{display:flex;margin:0;direction:ltr}.elementor-widget-divider--view-line_icon .elementor-divider-separator,.elementor-widget-divider--view-line_text .elementor-divider-separator{align-items:center}.elementor-widget-divider--view-line_icon .elementor-divider-separator:after,.elementor-widget-divider--view-line_icon .elementor-divider-separator:before,.elementor-widget-divider--view-line_text .elementor-divider-separator:after,.elementor-widget-divider--view-line_text .elementor-divider-separator:before{display:block;content:\"\";border-bottom:0;flex-grow:1;border-top:var(--divider-border-width) var(--divider-border-style) var(--divider-color)}.elementor-widget-divider--element-align-left .elementor-divider .elementor-divider-separator>.elementor-divider__svg:first-of-type{flex-grow:0;flex-shrink:100}.elementor-widget-divider--element-align-left .elementor-divider-separator:before{content:none}.elementor-widget-divider--element-align-left .elementor-divider__element{margin-left:0}.elementor-widget-divider--element-align-right .elementor-divider .elementor-divider-separator>.elementor-divider__svg:last-of-type{flex-grow:0;flex-shrink:100}.elementor-widget-divider--element-align-right .elementor-divider-separator:after{content:none}.elementor-widget-divider--element-align-right .elementor-divider__element{margin-right:0}.elementor-widget-divider:not(.elementor-widget-divider--view-line_text):not(.elementor-widget-divider--view-line_icon) .elementor-divider-separator{border-top:var(--divider-border-width) var(--divider-border-style) var(--divider-color)}.elementor-widget-divider--separator-type-pattern{--divider-border-style:none}.elementor-widget-divider--separator-type-pattern.elementor-widget-divider--view-line .elementor-divider-separator,.elementor-widget-divider--separator-type-pattern:not(.elementor-widget-divider--view-line) .elementor-divider-separator:after,.elementor-widget-divider--separator-type-pattern:not(.elementor-widget-divider--view-line) .elementor-divider-separator:before,.elementor-widget-divider--separator-type-pattern:not([class*=elementor-widget-divider--view]) .elementor-divider-separator{width:100%;min-height:var(--divider-pattern-height);-webkit-mask-size:var(--divider-pattern-size) 100%;mask-size:var(--divider-pattern-size) 100%;-webkit-mask-repeat:var(--divider-pattern-repeat);mask-repeat:var(--divider-pattern-repeat);background-color:var(--divider-color);-webkit-mask-image:var(--divider-pattern-url);mask-image:var(--divider-pattern-url)}.elementor-widget-divider--no-spacing{--divider-pattern-size:auto}.elementor-widget-divider--bg-round{--divider-pattern-repeat:round}.rtl .elementor-widget-divider .elementor-divider__text{direction:rtl}.e-con-inner>.elementor-widget-divider,.e-con>.elementor-widget-divider{width:var(--container-widget-width,100%);--flex-grow:var(--container-widget-flex-grow)}<\/style>\t\t<div class=\"elementor-divider\">\n\t\t\t<span class=\"elementor-divider-separator\">\n\t\t\t\t\t\t\t<div class=\"elementor-icon elementor-divider__element\">\n\t\t\t\t\t<i aria-hidden=\"true\" class=\"fas fa-plane\"><\/i><\/div>\n\t\t\t\t\t\t<\/span>\n\t\t<\/div>\n\t\t\t\t<\/div>\n\t\t\t\t<\/div>\n\t\t\t\t<div class=\"elementor-element elementor-element-ca27a5b elementor-widget elementor-widget-button\" data-id=\"ca27a5b\" data-element_type=\"widget\" data-widget_type=\"button.default\">\n\t\t\t\t<div class=\"elementor-widget-container\">\n\t\t\t\t\t<div class=\"elementor-button-wrapper\">\n\t\t\t<a class=\"elementor-button elementor-button-link elementor-size-md\" href=\"#\">\n\t\t\t\t\t\t<span class=\"elementor-button-content-wrapper\">\n\t\t\t\t\t\t<span class=\"elementor-button-text\">For Young People with Disabilities<\/span>\n\t\t<\/span>\n\t\t\t\t\t<\/a>\n\t\t<\/div>\n\t\t\t\t<\/div>\n\t\t\t\t<\/div>\n\t\t\t\t<div class=\"elementor-element elementor-element-0301fb7 elementor-widget elementor-widget-text-editor\" data-id=\"0301fb7\" data-element_type=\"widget\" data-widget_type=\"text-editor.default\">\n\t\t\t\t<div class=\"elementor-widget-container\">\n\t\t\t\t\t\t\t<p><b>If you wish to participate in short or long term mobility programs, you can read about<\/b><\/p><p>&#8211;\u00a0available projects<\/p><p>&#8211; traveling<\/p><p>&#8211; sending and receiving organisations<\/p>\t\t\t\t\t\t<\/div>\n\t\t\t\t<\/div>\n\t\t\t\t<div class=\"elementor-element elementor-element-8bb10ca elementor-widget-divider--view-line_icon elementor-view-default elementor-widget-divider--element-align-center elementor-widget elementor-widget-divider\" data-id=\"8bb10ca\" data-element_type=\"widget\" data-widget_type=\"divider.default\">\n\t\t\t\t<div class=\"elementor-widget-container\">\n\t\t\t\t\t<div class=\"elementor-divider\">\n\t\t\t<span class=\"elementor-divider-separator\">\n\t\t\t\t\t\t\t<div class=\"elementor-icon elementor-divider__element\">\n\t\t\t\t\t<i aria-hidden=\"true\" class=\"fas fa-suitcase\"><\/i><\/div>\n\t\t\t\t\t\t<\/span>\n\t\t<\/div>\n\t\t\t\t<\/div>\n\t\t\t\t<\/div>\n\t\t\t\t<div class=\"elementor-element elementor-element-ea5cf53 elementor-widget elementor-widget-button\" data-id=\"ea5cf53\" data-element_type=\"widget\" data-widget_type=\"button.default\">\n\t\t\t\t<div class=\"elementor-widget-container\">\n\t\t\t\t\t<div class=\"elementor-button-wrapper\">\n\t\t\t<a class=\"elementor-button elementor-button-link elementor-size-md\" href=\"#\">\n\t\t\t\t\t\t<span class=\"elementor-button-content-wrapper\">\n\t\t\t\t\t\t<span class=\"elementor-button-text\">For Accompanying Persons<\/span>\n\t\t<\/span>\n\t\t\t\t\t<\/a>\n\t\t<\/div>\n\t\t\t\t<\/div>\n\t\t\t\t<\/div>\n\t\t\t\t<div class=\"elementor-element elementor-element-40cba97 elementor-widget elementor-widget-text-editor\" data-id=\"40cba97\" data-element_type=\"widget\" data-widget_type=\"text-editor.default\">\n\t\t\t\t<div class=\"elementor-widget-container\">\n\t\t\t\t\t\t\t<p><strong>If you are an accompanying person\/support staff<\/strong> who would like to travel together with young people with disabilities, you can read more about\u00a0<\/p><p><span style=\"color: var( --e-global-color-text ); letter-spacing: 0px;\">&#8211; short-term mobility projects<\/span><\/p><p><span style=\"color: var( --e-global-color-text ); letter-spacing: 0px;\">&#8211; long-term mobility projects<\/span><\/p><p><span style=\"color: var( --e-global-color-text ); letter-spacing: 0px;\">&#8211; Discover EU<\/span><\/p><p><span style=\"color: var( --e-global-color-text ); letter-spacing: 0px;\">&#8211; the role of an accompanying person<\/span><\/p>\t\t\t\t\t\t<\/div>\n\t\t\t\t<\/div>\n\t\t\t\t\t<\/div>\n\t\t<\/div>\n\t\t\t\t\t\t\t<\/div>\n\t\t<\/section>\n\t\t\t\t<section class=\"elementor-section elementor-top-section elementor-element elementor-element-4ff1e903 elementor-section-boxed elementor-section-height-default elementor-section-height-default\" data-id=\"4ff1e903\" data-element_type=\"section\">\n\t\t\t\t\t\t<div class=\"elementor-container elementor-column-gap-default\">\n\t\t\t\t\t<div class=\"elementor-column elementor-col-100 elementor-top-column elementor-element elementor-element-103d404a\" data-id=\"103d404a\" data-element_type=\"column\">\n\t\t\t<div class=\"elementor-widget-wrap elementor-element-populated\">\n\t\t\t\t\t\t\t\t<div class=\"elementor-element elementor-element-646db05 elementor-widget elementor-widget-wp-widget-pages\" data-id=\"646db05\" data-element_type=\"widget\" data-widget_type=\"wp-widget-pages.default\">\n\t\t\t\t<div class=\"elementor-widget-container\">\n\t\t\t<h5>Navigation on our site<\/h5>\n\t\t\t<ul>\n\t\t\t\t<li class=\"page_item page-item-781\"><a href=\"https:\/\/myboundlessjourney.eu\/index.php\/privacy-policy\/\">Privacy Policy<\/a><\/li>\n<li class=\"page_item page-item-1137 page_item_has_children\"><a href=\"https:\/\/myboundlessjourney.eu\/index.php\/archive\/\">Archive<\/a>\n<ul class='children'>\n\t<li class=\"page_item page-item-2\"><a href=\"https:\/\/myboundlessjourney.eu\/index.php\/archive\/home\/\">Home<\/a><\/li>\n\t<li class=\"page_item page-item-11\"><a href=\"https:\/\/myboundlessjourney.eu\/index.php\/archive\/project\/\">About the Project<\/a><\/li>\n\t<li class=\"page_item page-item-13\"><a href=\"https:\/\/myboundlessjourney.eu\/index.php\/archive\/handbook\/\">Findings &#038; Recommendations<\/a><\/li>\n\t<li class=\"page_item page-item-15\"><a href=\"https:\/\/myboundlessjourney.eu\/index.php\/archive\/contact\/\">Contact<\/a><\/li>\n\t<li class=\"page_item page-item-62\"><a href=\"https:\/\/myboundlessjourney.eu\/index.php\/archive\/for-young-people\/\">For Young People<\/a><\/li>\n\t<li class=\"page_item page-item-67\"><a href=\"https:\/\/myboundlessjourney.eu\/index.php\/archive\/for-organisations\/\">For Organisations<\/a><\/li>\n\t<li class=\"page_item page-item-72\"><a href=\"https:\/\/myboundlessjourney.eu\/index.php\/archive\/for-support-staff\/\">For Support Staff<\/a><\/li>\n\t<li class=\"page_item page-item-863\"><a href=\"https:\/\/myboundlessjourney.eu\/index.php\/archive\/handbook-2\/\">HANDBOOK<\/a><\/li>\n<\/ul>\n<\/li>\n<li class=\"page_item page-item-1140 page_item_has_children\"><a href=\"https:\/\/myboundlessjourney.eu\/index.php\/archiv\/\">Arch\u00edv<\/a>\n<ul class='children'>\n\t<li class=\"page_item page-item-280\"><a href=\"https:\/\/myboundlessjourney.eu\/index.php\/archiv\/home-magyar\/\">Kezd\u0151lap<\/a><\/li>\n\t<li class=\"page_item page-item-296\"><a href=\"https:\/\/myboundlessjourney.eu\/index.php\/archiv\/kapcsolat\/\">Kapcsolat<\/a><\/li>\n\t<li class=\"page_item page-item-300\"><a href=\"https:\/\/myboundlessjourney.eu\/index.php\/archiv\/fiataloknak\/\">Fiataloknak<\/a><\/li>\n\t<li class=\"page_item page-item-302\"><a href=\"https:\/\/myboundlessjourney.eu\/index.php\/archiv\/segitoknek-kiseroknek\/\">Seg\u00edt\u0151knek, k\u00eds\u00e9r\u0151knek<\/a><\/li>\n\t<li class=\"page_item page-item-304\"><a href=\"https:\/\/myboundlessjourney.eu\/index.php\/archiv\/szervezeteknek\/\">Szervezeteknek<\/a><\/li>\n\t<li class=\"page_item page-item-309\"><a href=\"https:\/\/myboundlessjourney.eu\/index.php\/archiv\/a-projektrol\/\">A projektr\u0151l<\/a><\/li>\n\t<li class=\"page_item page-item-1031\"><a href=\"https:\/\/myboundlessjourney.eu\/index.php\/archiv\/kezikonyv\/\">K\u00c9ZIK\u00d6NYV<\/a><\/li>\n<\/ul>\n<\/li>\n<li class=\"page_item page-item-1142 page_item_has_children\"><a href=\"https:\/\/myboundlessjourney.eu\/index.php\/1142-2\/\">Arkiv<\/a>\n<ul class='children'>\n\t<li class=\"page_item page-item-281\"><a href=\"https:\/\/myboundlessjourney.eu\/index.php\/1142-2\/home-norsk-bokmal\/\">Home &#8211; Norsk Bokm\u00e5l<\/a><\/li>\n\t<li class=\"page_item page-item-298\"><a href=\"https:\/\/myboundlessjourney.eu\/index.php\/1142-2\/kontakt\/\">Kontakt<\/a><\/li>\n\t<li class=\"page_item page-item-430\"><a href=\"https:\/\/myboundlessjourney.eu\/index.php\/1142-2\/om-prosjektet\/\">Om prosjektet<\/a><\/li>\n\t<li class=\"page_item page-item-461\"><a href=\"https:\/\/myboundlessjourney.eu\/index.php\/1142-2\/for-ungdommer\/\">For ungdommer<\/a><\/li>\n\t<li class=\"page_item page-item-839\"><a href=\"https:\/\/myboundlessjourney.eu\/index.php\/1142-2\/for-stottepersonell-2\/\">For f\u00f8lgepersoner<\/a><\/li>\n\t<li class=\"page_item page-item-842\"><a href=\"https:\/\/myboundlessjourney.eu\/index.php\/1142-2\/for-organisasjoner\/\">For organisasjoner<\/a><\/li>\n\t<li class=\"page_item page-item-1033\"><a href=\"https:\/\/myboundlessjourney.eu\/index.php\/1142-2\/handbok\/\">H\u00c5NDBOK<\/a><\/li>\n<\/ul>\n<\/li>\n<li class=\"page_item page-item-1153\"><a href=\"https:\/\/myboundlessjourney.eu\/\">ANIMA Project<\/a><\/li>\n<li class=\"page_item page-item-1156\"><a href=\"https:\/\/myboundlessjourney.eu\/index.php\/anima-projekt\/\">ANIMA Projekt<\/a><\/li>\n<li class=\"page_item page-item-1158\"><a href=\"https:\/\/myboundlessjourney.eu\/index.php\/proyecto-anima\/\">Proyecto ANIMA<\/a><\/li>\n<li class=\"page_item page-item-1160\"><a href=\"https:\/\/myboundlessjourney.eu\/index.php\/%ce%ad%cf%81%ce%b3%ce%bf-anima\/\">\u0388\u03c1\u03b3\u03bf ANIMA<\/a><\/li>\n\t\t\t<\/ul>\n\n\t\t\t\t\t<\/div>\n\t\t\t\t<\/div>\n\t\t\t\t\t<\/div>\n\t\t<\/div>\n\t\t\t\t\t\t\t<\/div>\n\t\t<\/section>\n\t\t\t\t\t\t\t<\/div>\n\t\t","protected":false},"excerpt":{"rendered":"<p>With this project we wanted to collect easily understandable and practical information for disabled young people and organisations who are, or wish to work with them in international mobility programmes. &#8230;<\/p>\n","protected":false},"author":1,"featured_media":0,"parent":1137,"menu_order":0,"comment_status":"closed","ping_status":"closed","template":"","meta":{"footnotes":""},"class_list":["post-2","page","type-page","status-publish","hentry"],"jetpack_sharing_enabled":true,"_links":{"self":[{"href":"https:\/\/myboundlessjourney.eu\/index.php\/wp-json\/wp\/v2\/pages\/2","targetHints":{"allow":["GET"]}}],"collection":[{"href":"https:\/\/myboundlessjourney.eu\/index.php\/wp-json\/wp\/v2\/pages"}],"about":[{"href":"https:\/\/myboundlessjourney.eu\/index.php\/wp-json\/wp\/v2\/types\/page"}],"author":[{"embeddable":true,"href":"https:\/\/myboundlessjourney.eu\/index.php\/wp-json\/wp\/v2\/users\/1"}],"replies":[{"embeddable":true,"href":"https:\/\/myboundlessjourney.eu\/index.php\/wp-json\/wp\/v2\/comments?post=2"}],"version-history":[{"count":94,"href":"https:\/\/myboundlessjourney.eu\/index.php\/wp-json\/wp\/v2\/pages\/2\/revisions"}],"predecessor-version":[{"id":356,"href":"https:\/\/myboundlessjourney.eu\/index.php\/wp-json\/wp\/v2\/pages\/2\/revisions\/356"}],"up":[{"embeddable":true,"href":"https:\/\/myboundlessjourney.eu\/index.php\/wp-json\/wp\/v2\/pages\/1137"}],"wp:attachment":[{"href":"https:\/\/myboundlessjourney.eu\/index.php\/wp-json\/wp\/v2\/media?parent=2"}],"curies":[{"name":"wp","href":"https:\/\/api.w.org\/{rel}","templated":true}]}}